{"id":72305,"date":"2026-03-23T17:11:24","date_gmt":"2026-03-23T16:11:24","guid":{"rendered":"https:\/\/www.zigzagonearth.com\/malta-viagem-guia\/"},"modified":"2026-03-23T17:15:32","modified_gmt":"2026-03-23T16:15:32","slug":"malta-viagem-guia","status":"publish","type":"page","link":"https:\/\/www.zigzagonearth.com\/pt-pt\/malta-viagem-guia\/","title":{"rendered":"Guia de viagem para Malta"},"content":{"rendered":"\n<p><strong>Malta \u00e9 uma das ilhas mais bonitas da Europa!<\/strong><\/p>\n\n<p><strong>Aqui est\u00e1 o meu guia de viagem de Malta para o ajudar a planear o seu itiner\u00e1rio perfeito, incluindo:<\/strong><\/p>\n\n<ul class=\"wp-block-list\">\n<li><strong>Os locais mais bonitos de Malta (incluindo cidadelas, praias, montanhas, fal\u00e9sias, miradouros&#8230;),<\/strong><\/li>\n\n\n\n<li><strong>as minhas melhores dicas para aproveitar ao m\u00e1ximo o seu tempo,<\/strong><\/li>\n\n\n\n<li><strong>muitas fotografias para o fazer sonhar com a sua pr\u00f3xima viagem!<\/strong><\/li>\n<\/ul>\n\n<p><strong>Tire o m\u00e1ximo partido da sua viagem a Malta!<\/strong><\/p>\n\n<figure class=\"wp-block-image size-full\"><img loading=\"lazy\" decoding=\"async\" width=\"450\" height=\"200\" src=\"https:\/\/www.zigzagonearth.com\/wp-content\/uploads\/2026\/03\/Malta-travel-blog.jpg\" alt=\"Blogue de viagens de Malta\" class=\"wp-image-72291\" srcset=\"https:\/\/www.zigzagonearth.com\/wp-content\/uploads\/2026\/03\/Malta-travel-blog.jpg 450w, https:\/\/www.zigzagonearth.com\/wp-content\/uploads\/2026\/03\/Malta-travel-blog-300x133.jpg 300w\" sizes=\"auto, (max-width: 450px) 100vw, 450px\" \/><\/figure>\n\n<h2 class=\"wp-block-heading\">O melhor de<\/h2>\n\n<ul class=\"wp-block-list\">\n<li><a href=\"https:\/\/www.zigzagonearth.com\/pt-pt\/best-things-to-do-malta-attractions-2\/\" type=\"post\" id=\"72289\" target=\"_blank\" rel=\"noreferrer noopener\">As melhores coisas para fazer em Malta<\/a><\/li>\n\n\n\n<li><a href=\"https:\/\/www.zigzagonearth.com\/pt-pt\/paisagens-malta-fotos\/\" type=\"post\" id=\"72247\" target=\"_blank\" rel=\"noreferrer noopener\">As paisagens mais bonitas<\/a><\/li>\n<\/ul>\n","protected":false},"excerpt":{"rendered":"<p>Malta \u00e9 uma das ilhas mais bonitas da Europa! Aqui est\u00e1 o meu guia de viagem de Malta para o ajudar a planear o seu itiner\u00e1rio perfeito, incluindo: Tire o m\u00e1ximo partido da sua viagem a Malta! O melhor de<\/p>\n","protected":false},"author":1,"featured_media":72295,"parent":0,"menu_order":0,"comment_status":"closed","ping_status":"closed","template":"","meta":{"_genesis_hide_title":false,"_genesis_hide_breadcrumbs":false,"_genesis_hide_singular_image":false,"_genesis_hide_footer_widgets":false,"_genesis_custom_body_class":"","_genesis_custom_post_class":"","_genesis_layout":"full-width-content","footnotes":""},"class_list":{"0":"post-72305","1":"page","2":"type-page","3":"status-publish","4":"has-post-thumbnail","6":"entry"},"yoast_head":"<!-- This site is optimized with the Yoast SEO plugin v27.2 - https:\/\/yoast.com\/product\/yoast-seo-wordpress\/ -->\n<title>Guia de viagem para Malta<\/title>\n<meta name=\"description\" content=\"Todos os meus artigos para o ajudar a planear a sua viagem a Malta: os locais mais bonitos, como se deslocar, onde ficar...\" \/>\n<meta name=\"robots\" content=\"index, follow, max-snippet:-1, max-image-preview:large, max-video-preview:-1\" \/>\n<link rel=\"canonical\" href=\"https:\/\/www.zigzagonearth.com\/pt-pt\/malta-viagem-guia\/\" \/>\n<meta property=\"og:locale\" content=\"pt_PT\" \/>\n<meta property=\"og:type\" content=\"article\" \/>\n<meta property=\"og:title\" content=\"Guia de viagem para Malta\" \/>\n<meta property=\"og:description\" content=\"Todos os meus artigos para o ajudar a planear a sua viagem a Malta: os locais mais bonitos, como se deslocar, onde ficar...\" \/>\n<meta property=\"og:url\" content=\"https:\/\/www.zigzagonearth.com\/pt-pt\/malta-viagem-guia\/\" \/>\n<meta property=\"og:site_name\" content=\"ZigZagonEarth\" \/>\n<meta property=\"article:publisher\" content=\"https:\/\/www.facebook.com\/zigzagonearth\" \/>\n<meta property=\"article:modified_time\" content=\"2026-03-23T16:15:32+00:00\" \/>\n<meta property=\"og:image\" content=\"https:\/\/www.zigzagonearth.com\/wp-content\/uploads\/2026\/03\/Malta-travel-blog.jpg\" \/>\n\t<meta property=\"og:image:width\" content=\"450\" \/>\n\t<meta property=\"og:image:height\" content=\"200\" \/>\n\t<meta property=\"og:image:type\" content=\"image\/jpeg\" \/>\n<meta name=\"twitter:card\" content=\"summary_large_image\" \/>\n<meta name=\"twitter:site\" content=\"@ZigZagOnEarth\" \/>\n<script type=\"application\/ld+json\" class=\"yoast-schema-graph\">{\"@context\":\"https:\/\/schema.org\",\"@graph\":[{\"@type\":\"WebPage\",\"@id\":\"https:\/\/www.zigzagonearth.com\/pt-pt\/malta-viagem-guia\/\",\"url\":\"https:\/\/www.zigzagonearth.com\/pt-pt\/malta-viagem-guia\/\",\"name\":\"Guia de viagem para Malta\",\"isPartOf\":{\"@id\":\"https:\/\/www.zigzagonearth.com\/pt-pt\/#website\"},\"primaryImageOfPage\":{\"@id\":\"https:\/\/www.zigzagonearth.com\/pt-pt\/malta-viagem-guia\/#primaryimage\"},\"image\":{\"@id\":\"https:\/\/www.zigzagonearth.com\/pt-pt\/malta-viagem-guia\/#primaryimage\"},\"thumbnailUrl\":\"https:\/\/www.zigzagonearth.com\/wp-content\/uploads\/2026\/03\/Malta-travel-blog.jpg\",\"datePublished\":\"2026-03-23T16:11:24+00:00\",\"dateModified\":\"2026-03-23T16:15:32+00:00\",\"description\":\"Todos os meus artigos para o ajudar a planear a sua viagem a Malta: os locais mais bonitos, como se deslocar, onde ficar...\",\"breadcrumb\":{\"@id\":\"https:\/\/www.zigzagonearth.com\/pt-pt\/malta-viagem-guia\/#breadcrumb\"},\"inLanguage\":\"pt-PT\",\"potentialAction\":[{\"@type\":\"ReadAction\",\"target\":[\"https:\/\/www.zigzagonearth.com\/pt-pt\/malta-viagem-guia\/\"]}]},{\"@type\":\"ImageObject\",\"inLanguage\":\"pt-PT\",\"@id\":\"https:\/\/www.zigzagonearth.com\/pt-pt\/malta-viagem-guia\/#primaryimage\",\"url\":\"https:\/\/www.zigzagonearth.com\/wp-content\/uploads\/2026\/03\/Malta-travel-blog.jpg\",\"contentUrl\":\"https:\/\/www.zigzagonearth.com\/wp-content\/uploads\/2026\/03\/Malta-travel-blog.jpg\",\"width\":450,\"height\":200,\"caption\":\"Malta travel blog\"},{\"@type\":\"BreadcrumbList\",\"@id\":\"https:\/\/www.zigzagonearth.com\/pt-pt\/malta-viagem-guia\/#breadcrumb\",\"itemListElement\":[{\"@type\":\"ListItem\",\"position\":1,\"name\":\"Home\",\"item\":\"https:\/\/www.zigzagonearth.com\/pt-pt\/\"},{\"@type\":\"ListItem\",\"position\":2,\"name\":\"Guia de viagem para Malta\"}]},{\"@type\":\"WebSite\",\"@id\":\"https:\/\/www.zigzagonearth.com\/pt-pt\/#website\",\"url\":\"https:\/\/www.zigzagonearth.com\/pt-pt\/\",\"name\":\"ZigZagonEarth\",\"description\":\"Plan unforgettable road trips!\",\"potentialAction\":[{\"@type\":\"SearchAction\",\"target\":{\"@type\":\"EntryPoint\",\"urlTemplate\":\"https:\/\/www.zigzagonearth.com\/pt-pt\/?s={search_term_string}\"},\"query-input\":{\"@type\":\"PropertyValueSpecification\",\"valueRequired\":true,\"valueName\":\"search_term_string\"}}],\"inLanguage\":\"pt-PT\"}]}<\/script>\n<!-- \/ Yoast SEO plugin. -->","yoast_head_json":{"title":"Guia de viagem para Malta","description":"Todos os meus artigos para o ajudar a planear a sua viagem a Malta: os locais mais bonitos, como se deslocar, onde ficar...","robots":{"index":"index","follow":"follow","max-snippet":"max-snippet:-1","max-image-preview":"max-image-preview:large","max-video-preview":"max-video-preview:-1"},"canonical":"https:\/\/www.zigzagonearth.com\/pt-pt\/malta-viagem-guia\/","og_locale":"pt_PT","og_type":"article","og_title":"Guia de viagem para Malta","og_description":"Todos os meus artigos para o ajudar a planear a sua viagem a Malta: os locais mais bonitos, como se deslocar, onde ficar...","og_url":"https:\/\/www.zigzagonearth.com\/pt-pt\/malta-viagem-guia\/","og_site_name":"ZigZagonEarth","article_publisher":"https:\/\/www.facebook.com\/zigzagonearth","article_modified_time":"2026-03-23T16:15:32+00:00","og_image":[{"width":450,"height":200,"url":"https:\/\/www.zigzagonearth.com\/wp-content\/uploads\/2026\/03\/Malta-travel-blog.jpg","type":"image\/jpeg"}],"twitter_card":"summary_large_image","twitter_site":"@ZigZagOnEarth","schema":{"@context":"https:\/\/schema.org","@graph":[{"@type":"WebPage","@id":"https:\/\/www.zigzagonearth.com\/pt-pt\/malta-viagem-guia\/","url":"https:\/\/www.zigzagonearth.com\/pt-pt\/malta-viagem-guia\/","name":"Guia de viagem para Malta","isPartOf":{"@id":"https:\/\/www.zigzagonearth.com\/pt-pt\/#website"},"primaryImageOfPage":{"@id":"https:\/\/www.zigzagonearth.com\/pt-pt\/malta-viagem-guia\/#primaryimage"},"image":{"@id":"https:\/\/www.zigzagonearth.com\/pt-pt\/malta-viagem-guia\/#primaryimage"},"thumbnailUrl":"https:\/\/www.zigzagonearth.com\/wp-content\/uploads\/2026\/03\/Malta-travel-blog.jpg","datePublished":"2026-03-23T16:11:24+00:00","dateModified":"2026-03-23T16:15:32+00:00","description":"Todos os meus artigos para o ajudar a planear a sua viagem a Malta: os locais mais bonitos, como se deslocar, onde ficar...","breadcrumb":{"@id":"https:\/\/www.zigzagonearth.com\/pt-pt\/malta-viagem-guia\/#breadcrumb"},"inLanguage":"pt-PT","potentialAction":[{"@type":"ReadAction","target":["https:\/\/www.zigzagonearth.com\/pt-pt\/malta-viagem-guia\/"]}]},{"@type":"ImageObject","inLanguage":"pt-PT","@id":"https:\/\/www.zigzagonearth.com\/pt-pt\/malta-viagem-guia\/#primaryimage","url":"https:\/\/www.zigzagonearth.com\/wp-content\/uploads\/2026\/03\/Malta-travel-blog.jpg","contentUrl":"https:\/\/www.zigzagonearth.com\/wp-content\/uploads\/2026\/03\/Malta-travel-blog.jpg","width":450,"height":200,"caption":"Malta travel blog"},{"@type":"BreadcrumbList","@id":"https:\/\/www.zigzagonearth.com\/pt-pt\/malta-viagem-guia\/#breadcrumb","itemListElement":[{"@type":"ListItem","position":1,"name":"Home","item":"https:\/\/www.zigzagonearth.com\/pt-pt\/"},{"@type":"ListItem","position":2,"name":"Guia de viagem para Malta"}]},{"@type":"WebSite","@id":"https:\/\/www.zigzagonearth.com\/pt-pt\/#website","url":"https:\/\/www.zigzagonearth.com\/pt-pt\/","name":"ZigZagonEarth","description":"Plan unforgettable road trips!","potentialAction":[{"@type":"SearchAction","target":{"@type":"EntryPoint","urlTemplate":"https:\/\/www.zigzagonearth.com\/pt-pt\/?s={search_term_string}"},"query-input":{"@type":"PropertyValueSpecification","valueRequired":true,"valueName":"search_term_string"}}],"inLanguage":"pt-PT"}]}},"featured_image_src":"https:\/\/www.zigzagonearth.com\/wp-content\/uploads\/2026\/03\/Malta-travel-blog.jpg","featured_image_src_square":"https:\/\/www.zigzagonearth.com\/wp-content\/uploads\/2026\/03\/Malta-travel-blog.jpg","_links":{"self":[{"href":"https:\/\/www.zigzagonearth.com\/pt-pt\/wp-json\/wp\/v2\/pages\/72305","targetHints":{"allow":["GET"]}}],"collection":[{"href":"https:\/\/www.zigzagonearth.com\/pt-pt\/wp-json\/wp\/v2\/pages"}],"about":[{"href":"https:\/\/www.zigzagonearth.com\/pt-pt\/wp-json\/wp\/v2\/types\/page"}],"author":[{"embeddable":true,"href":"https:\/\/www.zigzagonearth.com\/pt-pt\/wp-json\/wp\/v2\/users\/1"}],"replies":[{"embeddable":true,"href":"https:\/\/www.zigzagonearth.com\/pt-pt\/wp-json\/wp\/v2\/comments?post=72305"}],"version-history":[{"count":0,"href":"https:\/\/www.zigzagonearth.com\/pt-pt\/wp-json\/wp\/v2\/pages\/72305\/revisions"}],"wp:featuredmedia":[{"embeddable":true,"href":"https:\/\/www.zigzagonearth.com\/pt-pt\/wp-json\/wp\/v2\/media\/72295"}],"wp:attachment":[{"href":"https:\/\/www.zigzagonearth.com\/pt-pt\/wp-json\/wp\/v2\/media?parent=72305"}],"curies":[{"name":"wp","href":"https:\/\/api.w.org\/{rel}","templated":true}]}}