{"id":72302,"date":"2026-03-23T17:11:24","date_gmt":"2026-03-23T16:11:24","guid":{"rendered":"https:\/\/www.zigzagonearth.com\/malta-rejseguide\/"},"modified":"2026-03-23T17:14:36","modified_gmt":"2026-03-23T16:14:36","slug":"malta-rejseguide","status":"publish","type":"page","link":"https:\/\/www.zigzagonearth.com\/da\/malta-rejseguide\/","title":{"rendered":"Malta Rejseguide"},"content":{"rendered":"\n<p><strong>Malta er en af de smukkeste \u00f8er i Europa!<\/strong><\/p>\n\n<p><strong>Her er min rejseguide til Malta, som hj\u00e6lper dig med at planl\u00e6gge din perfekte rejse, inklusive:<\/strong><\/p>\n\n<ul class=\"wp-block-list\">\n<li><strong>Maltas smukkeste steder (herunder citadeller, strande, bjerge, klipper, udsigtspunkter &#8230;),<\/strong><\/li>\n\n\n\n<li><strong>mine bedste tips til at f\u00e5 mest muligt ud af din tid,<\/strong><\/li>\n\n\n\n<li><strong>Masser af fotos, der f\u00e5r dig til at dr\u00f8mme om din n\u00e6ste rejse!<\/strong><\/li>\n<\/ul>\n\n<p><strong>F\u00e5 mest muligt ud af din rejse til Malta!<\/strong><\/p>\n\n<figure class=\"wp-block-image size-full\"><img loading=\"lazy\" decoding=\"async\" width=\"450\" height=\"200\" src=\"https:\/\/www.zigzagonearth.com\/wp-content\/uploads\/2026\/03\/Malta-travel-blog.jpg\" alt=\"Malta rejseblog\" class=\"wp-image-72291\" srcset=\"https:\/\/www.zigzagonearth.com\/wp-content\/uploads\/2026\/03\/Malta-travel-blog.jpg 450w, https:\/\/www.zigzagonearth.com\/wp-content\/uploads\/2026\/03\/Malta-travel-blog-300x133.jpg 300w\" sizes=\"auto, (max-width: 450px) 100vw, 450px\" \/><\/figure>\n\n<h2 class=\"wp-block-heading\">Best-of<\/h2>\n\n<ul class=\"wp-block-list\">\n<li><a href=\"https:\/\/www.zigzagonearth.com\/da\/best-things-to-do-malta-attractions-2\/\" type=\"post\" id=\"72289\" target=\"_blank\" rel=\"noreferrer noopener\">Bedste ting at lave p\u00e5 Malta<\/a><\/li>\n\n\n\n<li><a href=\"https:\/\/www.zigzagonearth.com\/da\/landskaber-malta-fotos\/\" type=\"post\" id=\"72247\" target=\"_blank\" rel=\"noreferrer noopener\">De smukkeste landskaber<\/a><\/li>\n<\/ul>\n","protected":false},"excerpt":{"rendered":"<p>Malta er en af de smukkeste \u00f8er i Europa! Her er min rejseguide til Malta, som hj\u00e6lper dig med at planl\u00e6gge din perfekte rejse, inklusive: F\u00e5 mest muligt ud af din rejse til Malta! Best-of<\/p>\n","protected":false},"author":1,"featured_media":72292,"parent":0,"menu_order":0,"comment_status":"closed","ping_status":"closed","template":"","meta":{"_genesis_hide_title":false,"_genesis_hide_breadcrumbs":false,"_genesis_hide_singular_image":false,"_genesis_hide_footer_widgets":false,"_genesis_custom_body_class":"","_genesis_custom_post_class":"","_genesis_layout":"full-width-content","footnotes":"","tve_updated_post":"","tve_custom_css":"","tve_user_custom_css":"","tve_globals":{},"tcb2_ready":0,"tcb_editor_enabled":0,"tve_landing_page":"","_tve_header":"","_tve_footer":""},"class_list":{"0":"post-72302","1":"page","2":"type-page","3":"status-publish","4":"has-post-thumbnail","6":"entry"},"yoast_head":"<!-- This site is optimized with the Yoast SEO plugin v27.5 - https:\/\/yoast.com\/product\/yoast-seo-wordpress\/ -->\n<title>Malta Rejseguide<\/title>\n<meta name=\"description\" content=\"Alle mine artikler hj\u00e6lper dig med at planl\u00e6gge din rejse til Malta: de smukkeste steder, hvordan du kommer rundt, hvor du skal bo ...\" \/>\n<meta name=\"robots\" content=\"index, follow, max-snippet:-1, max-image-preview:large, max-video-preview:-1\" \/>\n<link rel=\"canonical\" href=\"https:\/\/www.zigzagonearth.com\/da\/malta-rejseguide\/\" \/>\n<meta property=\"og:locale\" content=\"da_DK\" \/>\n<meta property=\"og:type\" content=\"article\" \/>\n<meta property=\"og:title\" content=\"Malta Rejseguide\" \/>\n<meta property=\"og:description\" content=\"Alle mine artikler hj\u00e6lper dig med at planl\u00e6gge din rejse til Malta: de smukkeste steder, hvordan du kommer rundt, hvor du skal bo ...\" \/>\n<meta property=\"og:url\" content=\"https:\/\/www.zigzagonearth.com\/da\/malta-rejseguide\/\" \/>\n<meta property=\"og:site_name\" content=\"ZigZagonEarth\" \/>\n<meta property=\"article:publisher\" content=\"https:\/\/www.facebook.com\/zigzagonearth\" \/>\n<meta property=\"article:modified_time\" content=\"2026-03-23T16:14:36+00:00\" \/>\n<meta property=\"og:image\" content=\"https:\/\/www.zigzagonearth.com\/wp-content\/uploads\/2026\/03\/Malta-travel-blog.jpg\" \/>\n\t<meta property=\"og:image:width\" content=\"450\" \/>\n\t<meta property=\"og:image:height\" content=\"200\" \/>\n\t<meta property=\"og:image:type\" content=\"image\/jpeg\" \/>\n<meta name=\"twitter:card\" content=\"summary_large_image\" \/>\n<meta name=\"twitter:site\" content=\"@ZigZagOnEarth\" \/>\n<script type=\"application\/ld+json\" class=\"yoast-schema-graph\">{\"@context\":\"https:\\\/\\\/schema.org\",\"@graph\":[{\"@type\":\"WebPage\",\"@id\":\"https:\\\/\\\/www.zigzagonearth.com\\\/da\\\/malta-rejseguide\\\/\",\"url\":\"https:\\\/\\\/www.zigzagonearth.com\\\/da\\\/malta-rejseguide\\\/\",\"name\":\"Malta Rejseguide\",\"isPartOf\":{\"@id\":\"https:\\\/\\\/www.zigzagonearth.com\\\/da\\\/#website\"},\"primaryImageOfPage\":{\"@id\":\"https:\\\/\\\/www.zigzagonearth.com\\\/da\\\/malta-rejseguide\\\/#primaryimage\"},\"image\":{\"@id\":\"https:\\\/\\\/www.zigzagonearth.com\\\/da\\\/malta-rejseguide\\\/#primaryimage\"},\"thumbnailUrl\":\"https:\\\/\\\/www.zigzagonearth.com\\\/wp-content\\\/uploads\\\/2026\\\/03\\\/Malta-travel-blog.jpg\",\"datePublished\":\"2026-03-23T16:11:24+00:00\",\"dateModified\":\"2026-03-23T16:14:36+00:00\",\"description\":\"Alle mine artikler hj\u00e6lper dig med at planl\u00e6gge din rejse til Malta: de smukkeste steder, hvordan du kommer rundt, hvor du skal bo ...\",\"breadcrumb\":{\"@id\":\"https:\\\/\\\/www.zigzagonearth.com\\\/da\\\/malta-rejseguide\\\/#breadcrumb\"},\"inLanguage\":\"da-DK\",\"potentialAction\":[{\"@type\":\"ReadAction\",\"target\":[\"https:\\\/\\\/www.zigzagonearth.com\\\/da\\\/malta-rejseguide\\\/\"]}]},{\"@type\":\"ImageObject\",\"inLanguage\":\"da-DK\",\"@id\":\"https:\\\/\\\/www.zigzagonearth.com\\\/da\\\/malta-rejseguide\\\/#primaryimage\",\"url\":\"https:\\\/\\\/www.zigzagonearth.com\\\/wp-content\\\/uploads\\\/2026\\\/03\\\/Malta-travel-blog.jpg\",\"contentUrl\":\"https:\\\/\\\/www.zigzagonearth.com\\\/wp-content\\\/uploads\\\/2026\\\/03\\\/Malta-travel-blog.jpg\",\"width\":450,\"height\":200,\"caption\":\"Malta travel blog\"},{\"@type\":\"BreadcrumbList\",\"@id\":\"https:\\\/\\\/www.zigzagonearth.com\\\/da\\\/malta-rejseguide\\\/#breadcrumb\",\"itemListElement\":[{\"@type\":\"ListItem\",\"position\":1,\"name\":\"Home\",\"item\":\"https:\\\/\\\/www.zigzagonearth.com\\\/da\\\/\"},{\"@type\":\"ListItem\",\"position\":2,\"name\":\"Malta Rejseguide\"}]},{\"@type\":\"WebSite\",\"@id\":\"https:\\\/\\\/www.zigzagonearth.com\\\/da\\\/#website\",\"url\":\"https:\\\/\\\/www.zigzagonearth.com\\\/da\\\/\",\"name\":\"ZigZagonEarth\",\"description\":\"Plan unforgettable road trips!\",\"potentialAction\":[{\"@type\":\"SearchAction\",\"target\":{\"@type\":\"EntryPoint\",\"urlTemplate\":\"https:\\\/\\\/www.zigzagonearth.com\\\/da\\\/?s={search_term_string}\"},\"query-input\":{\"@type\":\"PropertyValueSpecification\",\"valueRequired\":true,\"valueName\":\"search_term_string\"}}],\"inLanguage\":\"da-DK\"}]}<\/script>\n<!-- \/ Yoast SEO plugin. -->","yoast_head_json":{"title":"Malta Rejseguide","description":"Alle mine artikler hj\u00e6lper dig med at planl\u00e6gge din rejse til Malta: de smukkeste steder, hvordan du kommer rundt, hvor du skal bo ...","robots":{"index":"index","follow":"follow","max-snippet":"max-snippet:-1","max-image-preview":"max-image-preview:large","max-video-preview":"max-video-preview:-1"},"canonical":"https:\/\/www.zigzagonearth.com\/da\/malta-rejseguide\/","og_locale":"da_DK","og_type":"article","og_title":"Malta Rejseguide","og_description":"Alle mine artikler hj\u00e6lper dig med at planl\u00e6gge din rejse til Malta: de smukkeste steder, hvordan du kommer rundt, hvor du skal bo ...","og_url":"https:\/\/www.zigzagonearth.com\/da\/malta-rejseguide\/","og_site_name":"ZigZagonEarth","article_publisher":"https:\/\/www.facebook.com\/zigzagonearth","article_modified_time":"2026-03-23T16:14:36+00:00","og_image":[{"width":450,"height":200,"url":"https:\/\/www.zigzagonearth.com\/wp-content\/uploads\/2026\/03\/Malta-travel-blog.jpg","type":"image\/jpeg"}],"twitter_card":"summary_large_image","twitter_site":"@ZigZagOnEarth","schema":{"@context":"https:\/\/schema.org","@graph":[{"@type":"WebPage","@id":"https:\/\/www.zigzagonearth.com\/da\/malta-rejseguide\/","url":"https:\/\/www.zigzagonearth.com\/da\/malta-rejseguide\/","name":"Malta Rejseguide","isPartOf":{"@id":"https:\/\/www.zigzagonearth.com\/da\/#website"},"primaryImageOfPage":{"@id":"https:\/\/www.zigzagonearth.com\/da\/malta-rejseguide\/#primaryimage"},"image":{"@id":"https:\/\/www.zigzagonearth.com\/da\/malta-rejseguide\/#primaryimage"},"thumbnailUrl":"https:\/\/www.zigzagonearth.com\/wp-content\/uploads\/2026\/03\/Malta-travel-blog.jpg","datePublished":"2026-03-23T16:11:24+00:00","dateModified":"2026-03-23T16:14:36+00:00","description":"Alle mine artikler hj\u00e6lper dig med at planl\u00e6gge din rejse til Malta: de smukkeste steder, hvordan du kommer rundt, hvor du skal bo ...","breadcrumb":{"@id":"https:\/\/www.zigzagonearth.com\/da\/malta-rejseguide\/#breadcrumb"},"inLanguage":"da-DK","potentialAction":[{"@type":"ReadAction","target":["https:\/\/www.zigzagonearth.com\/da\/malta-rejseguide\/"]}]},{"@type":"ImageObject","inLanguage":"da-DK","@id":"https:\/\/www.zigzagonearth.com\/da\/malta-rejseguide\/#primaryimage","url":"https:\/\/www.zigzagonearth.com\/wp-content\/uploads\/2026\/03\/Malta-travel-blog.jpg","contentUrl":"https:\/\/www.zigzagonearth.com\/wp-content\/uploads\/2026\/03\/Malta-travel-blog.jpg","width":450,"height":200,"caption":"Malta travel blog"},{"@type":"BreadcrumbList","@id":"https:\/\/www.zigzagonearth.com\/da\/malta-rejseguide\/#breadcrumb","itemListElement":[{"@type":"ListItem","position":1,"name":"Home","item":"https:\/\/www.zigzagonearth.com\/da\/"},{"@type":"ListItem","position":2,"name":"Malta Rejseguide"}]},{"@type":"WebSite","@id":"https:\/\/www.zigzagonearth.com\/da\/#website","url":"https:\/\/www.zigzagonearth.com\/da\/","name":"ZigZagonEarth","description":"Plan unforgettable road trips!","potentialAction":[{"@type":"SearchAction","target":{"@type":"EntryPoint","urlTemplate":"https:\/\/www.zigzagonearth.com\/da\/?s={search_term_string}"},"query-input":{"@type":"PropertyValueSpecification","valueRequired":true,"valueName":"search_term_string"}}],"inLanguage":"da-DK"}]}},"featured_image_src":"https:\/\/www.zigzagonearth.com\/wp-content\/uploads\/2026\/03\/Malta-travel-blog.jpg","featured_image_src_square":"https:\/\/www.zigzagonearth.com\/wp-content\/uploads\/2026\/03\/Malta-travel-blog.jpg","_links":{"self":[{"href":"https:\/\/www.zigzagonearth.com\/da\/wp-json\/wp\/v2\/pages\/72302","targetHints":{"allow":["GET"]}}],"collection":[{"href":"https:\/\/www.zigzagonearth.com\/da\/wp-json\/wp\/v2\/pages"}],"about":[{"href":"https:\/\/www.zigzagonearth.com\/da\/wp-json\/wp\/v2\/types\/page"}],"author":[{"embeddable":true,"href":"https:\/\/www.zigzagonearth.com\/da\/wp-json\/wp\/v2\/users\/1"}],"replies":[{"embeddable":true,"href":"https:\/\/www.zigzagonearth.com\/da\/wp-json\/wp\/v2\/comments?post=72302"}],"version-history":[{"count":0,"href":"https:\/\/www.zigzagonearth.com\/da\/wp-json\/wp\/v2\/pages\/72302\/revisions"}],"wp:featuredmedia":[{"embeddable":true,"href":"https:\/\/www.zigzagonearth.com\/da\/wp-json\/wp\/v2\/media\/72292"}],"wp:attachment":[{"href":"https:\/\/www.zigzagonearth.com\/da\/wp-json\/wp\/v2\/media?parent=72302"}],"curies":[{"name":"wp","href":"https:\/\/api.w.org\/{rel}","templated":true}]}}